{"id":864,"date":"2023-01-24T15:05:25","date_gmt":"2023-01-24T14:05:25","guid":{"rendered":"http:\/\/wp-dev1.srv-webdev-01\/?page_id=864"},"modified":"2024-04-16T10:51:13","modified_gmt":"2024-04-16T08:51:13","slug":"startseite","status":"publish","type":"page","link":"https:\/\/www.wein-deutschmann.at\/shop\/","title":{"rendered":"Startseite"},"content":{"rendered":"    \n        \n    \n    \n    \n    <div class=\" et-content-50-50 bg-light space\">\n        <div class=\"row   default-stretch \">\n\n            <h2 class=\"col align-left\">Entdecken Sie unsere exquisiten Weine aus der Region!  <span class=\"subline\"><\/span><\/h2>            \n                            <div class=\"col large-6 \">\n                                            <p>Tauchen Sie ein in die Welt des Genusses mit unseren herausragenden Weinen von Markus Deutschmann vlg. Smonde.<\/p>\n<p>Jeder Tropfen erz\u00e4hlt eine Geschichte der Leidenschaft und Hingabe, die in den sonnendurchfluteten Weinbergen von Glanz 46, 8463 Leutschach an der Weinstra\u00dfe, gedeihen.<\/p>\n<p>Verw\u00f6hnen Sie sich mit einem Glas purem Genuss und erleben Sie einen unverwechselbaren Geschmack der selbst den anspruchsvollsten Gaumen \u00fcberzeugt.<\/p>\n                                                                                                                        \n                                                            <\/div>\n                                        <div class=\"col large-6 \">\n                                                                                                                                                                    \n                                                            <\/div>\n                    <\/div>\n    <\/div>\n\n\n\n\n  \n\n  <div class=\"et-products-teaser  bg-medium space\">\n    <div class=\"row\">\n\n      \n      <div class=\"col et-title-container\"><h2>Unsere aktuellen Produkte &#8211;  <span class=\"subline\">werden Sie jetzt f\u00fcndig<\/span><\/h2><a title=\"Markus Deutschmann vlg. Smonde aus Leutschach an der Weinstra\u00dfe | Shop\" class=\"btn weight-bold icon icon-after-arrow-right margin-bottom\" target=\"_self\" href=\"https:\/\/www.wein-deutschmann.at\/shop\/alle-kategorien\/\" >View our Shop<\/a><\/div>\n\n              <div class=\"col\">\n          <ul class=\"et-teaser-tiles products margin-bottom \"><li class=\"product type-product post-3519 status-publish first instock product_cat-frizzante has-post-thumbnail shipping-taxable product-type-simple\">\n\t  <a title=\"Frizzante | Markus Deutschmann vlg. Smonde\" href=\"https:\/\/www.wein-deutschmann.at\/shop\/produkt\/frizzante\/\" class=\"woocommerce-LoopProduct-link woocommerce-loop-product__link\">\n  <img loading=\"lazy\" decoding=\"async\" width=\"300\" height=\"300\" src=\"https:\/\/www.wein-deutschmann.at\/shop\/wp-content\/uploads\/2024\/04\/woocommerce-placeholder-300x300.jpg\" class=\"attachment-woocommerce_thumbnail size-woocommerce_thumbnail\" alt=\"Platzhalter\" srcset=\"https:\/\/www.wein-deutschmann.at\/shop\/wp-content\/uploads\/2024\/04\/woocommerce-placeholder-300x300.jpg 300w, https:\/\/www.wein-deutschmann.at\/shop\/wp-content\/uploads\/2024\/04\/woocommerce-placeholder-150x150.jpg 150w, https:\/\/www.wein-deutschmann.at\/shop\/wp-content\/uploads\/2024\/04\/woocommerce-placeholder-768x768.jpg 768w, https:\/\/www.wein-deutschmann.at\/shop\/wp-content\/uploads\/2024\/04\/woocommerce-placeholder-480x480.jpg 480w, https:\/\/www.wein-deutschmann.at\/shop\/wp-content\/uploads\/2024\/04\/woocommerce-placeholder-760x760.jpg 760w, https:\/\/www.wein-deutschmann.at\/shop\/wp-content\/uploads\/2024\/04\/woocommerce-placeholder-600x600.jpg 600w, https:\/\/www.wein-deutschmann.at\/shop\/wp-content\/uploads\/2024\/04\/woocommerce-placeholder-100x100.jpg 100w, https:\/\/www.wein-deutschmann.at\/shop\/wp-content\/uploads\/2024\/04\/woocommerce-placeholder.jpg 800w\" sizes=\"auto, (max-width: 300px) 100vw, 300px\" \/><h2 class=\"woocommerce-loop-product__title\">Frizzante<\/h2><\/a>\n\n<div class=\"product-info-container\"><\/div><div class=\"mark-container\"><mark class=\"mark-link\"><a href=\"https:\/\/www.wein-deutschmann.at\/shop\/produkt-kategorie\/frizzante\/\" title=\"Go to Frizzante\">Frizzante<\/a><\/mark><\/div><a class=\"btn\" tabindex=\"0\" title=\"Add to Wishlist\" data-text-add=\"Add to Wishlist\" data-text-remove=\"Remove\" data-wishlist=\"3519\">Add to Wishlist<\/a>\n\n\n\n\n\n<a href=\"https:\/\/www.wein-deutschmann.at\/shop\/produkt\/frizzante\/\" aria-describedby=\"woocommerce_loop_add_to_cart_link_describedby_3519\" data-quantity=\"1\" class=\"button product_type_simple\" data-product_id=\"3519\" data-product_sku=\"\" aria-label=\"Lesen Sie mehr \u00fcber &#8222;Frizzante&#8220;\" rel=\"nofollow\" data-success_message=\"\" data-product-name=\"Frizzante\" title=\"Lesen Sie mehr \u00fcber &#8222;Frizzante&#8220;\">Weiterlesen<\/a>\t<span id=\"woocommerce_loop_add_to_cart_link_describedby_3519\" class=\"screen-reader-text\">\n\t\t\t<\/span>\n<\/li>\n<li class=\"product type-product post-3485 status-publish instock product_cat-weisswein has-post-thumbnail shipping-taxable product-type-simple\">\n\t  <a title=\"Wei\u00dfburgunder Jahrgang 2023 | Markus Deutschmann vlg. Smonde\" href=\"https:\/\/www.wein-deutschmann.at\/shop\/produkt\/weissburgunder-jahrgang-2023\/\" class=\"woocommerce-LoopProduct-link woocommerce-loop-product__link\">\n  <img loading=\"lazy\" decoding=\"async\" width=\"300\" height=\"300\" src=\"https:\/\/www.wein-deutschmann.at\/shop\/wp-content\/uploads\/2024\/04\/large621f7adbaff796745164e2126ad35a948f2f8510cb93953f4bb7e089585c4452a046977668ebff6a20056cc3624abbbb-2-300x300.jpg\" class=\"attachment-woocommerce_thumbnail size-woocommerce_thumbnail\" alt=\"Wei\u00dfburgunder Jahrgang 2023\" srcset=\"https:\/\/www.wein-deutschmann.at\/shop\/wp-content\/uploads\/2024\/04\/large621f7adbaff796745164e2126ad35a948f2f8510cb93953f4bb7e089585c4452a046977668ebff6a20056cc3624abbbb-2-300x300.jpg 300w, https:\/\/www.wein-deutschmann.at\/shop\/wp-content\/uploads\/2024\/04\/large621f7adbaff796745164e2126ad35a948f2f8510cb93953f4bb7e089585c4452a046977668ebff6a20056cc3624abbbb-2-150x150.jpg 150w, https:\/\/www.wein-deutschmann.at\/shop\/wp-content\/uploads\/2024\/04\/large621f7adbaff796745164e2126ad35a948f2f8510cb93953f4bb7e089585c4452a046977668ebff6a20056cc3624abbbb-2-768x768.jpg 768w, https:\/\/www.wein-deutschmann.at\/shop\/wp-content\/uploads\/2024\/04\/large621f7adbaff796745164e2126ad35a948f2f8510cb93953f4bb7e089585c4452a046977668ebff6a20056cc3624abbbb-2-480x480.jpg 480w, https:\/\/www.wein-deutschmann.at\/shop\/wp-content\/uploads\/2024\/04\/large621f7adbaff796745164e2126ad35a948f2f8510cb93953f4bb7e089585c4452a046977668ebff6a20056cc3624abbbb-2-760x760.jpg 760w, https:\/\/www.wein-deutschmann.at\/shop\/wp-content\/uploads\/2024\/04\/large621f7adbaff796745164e2126ad35a948f2f8510cb93953f4bb7e089585c4452a046977668ebff6a20056cc3624abbbb-2-600x600.jpg 600w, https:\/\/www.wein-deutschmann.at\/shop\/wp-content\/uploads\/2024\/04\/large621f7adbaff796745164e2126ad35a948f2f8510cb93953f4bb7e089585c4452a046977668ebff6a20056cc3624abbbb-2-100x100.jpg 100w, https:\/\/www.wein-deutschmann.at\/shop\/wp-content\/uploads\/2024\/04\/large621f7adbaff796745164e2126ad35a948f2f8510cb93953f4bb7e089585c4452a046977668ebff6a20056cc3624abbbb-2.jpg 800w\" sizes=\"auto, (max-width: 300px) 100vw, 300px\" \/><h2 class=\"woocommerce-loop-product__title\">Wei\u00dfburgunder Jahrgang 2023<\/h2><\/a>\n\n<div class=\"product-info-container\"><\/div><div class=\"mark-container\"><mark class=\"mark-link\"><a href=\"https:\/\/www.wein-deutschmann.at\/shop\/produkt-kategorie\/weisswein\/\" title=\"Go to Wei\u00dfwein\">Wei\u00dfwein<\/a><\/mark><\/div><a class=\"btn\" tabindex=\"0\" title=\"Add to Wishlist\" data-text-add=\"Add to Wishlist\" data-text-remove=\"Remove\" data-wishlist=\"3485\">Add to Wishlist<\/a>\n\n\n\n\n\n<a href=\"https:\/\/www.wein-deutschmann.at\/shop\/produkt\/weissburgunder-jahrgang-2023\/\" aria-describedby=\"woocommerce_loop_add_to_cart_link_describedby_3485\" data-quantity=\"1\" class=\"button product_type_simple\" data-product_id=\"3485\" data-product_sku=\"\" aria-label=\"Lesen Sie mehr \u00fcber &#8222;Wei\u00dfburgunder Jahrgang 2023&#8220;\" rel=\"nofollow\" data-success_message=\"\" data-product-name=\"Wei\u00dfburgunder Jahrgang 2023\" title=\"Lesen Sie mehr \u00fcber &#8222;Wei\u00dfburgunder Jahrgang 2023&#8220;\">Weiterlesen<\/a>\t<span id=\"woocommerce_loop_add_to_cart_link_describedby_3485\" class=\"screen-reader-text\">\n\t\t\t<\/span>\n<\/li>\n<li class=\"product type-product post-3483 status-publish instock product_cat-weisswein has-post-thumbnail shipping-taxable product-type-simple\">\n\t  <a title=\"Morillon Jahrgang 2023 | Markus Deutschmann vlg. Smonde\" href=\"https:\/\/www.wein-deutschmann.at\/shop\/produkt\/morillon-jahrgang-2023\/\" class=\"woocommerce-LoopProduct-link woocommerce-loop-product__link\">\n  <img loading=\"lazy\" decoding=\"async\" width=\"300\" height=\"300\" src=\"https:\/\/www.wein-deutschmann.at\/shop\/wp-content\/uploads\/2024\/04\/large621f7adbaff796745164e2126ad35a948f2f8510cb93953f4bb7e089585c4452a046977668ebff6a20056cc3624abbbb-1-300x300.jpg\" class=\"attachment-woocommerce_thumbnail size-woocommerce_thumbnail\" alt=\"Morillon Jahrgang 2023\" srcset=\"https:\/\/www.wein-deutschmann.at\/shop\/wp-content\/uploads\/2024\/04\/large621f7adbaff796745164e2126ad35a948f2f8510cb93953f4bb7e089585c4452a046977668ebff6a20056cc3624abbbb-1-300x300.jpg 300w, https:\/\/www.wein-deutschmann.at\/shop\/wp-content\/uploads\/2024\/04\/large621f7adbaff796745164e2126ad35a948f2f8510cb93953f4bb7e089585c4452a046977668ebff6a20056cc3624abbbb-1-150x150.jpg 150w, https:\/\/www.wein-deutschmann.at\/shop\/wp-content\/uploads\/2024\/04\/large621f7adbaff796745164e2126ad35a948f2f8510cb93953f4bb7e089585c4452a046977668ebff6a20056cc3624abbbb-1-768x768.jpg 768w, https:\/\/www.wein-deutschmann.at\/shop\/wp-content\/uploads\/2024\/04\/large621f7adbaff796745164e2126ad35a948f2f8510cb93953f4bb7e089585c4452a046977668ebff6a20056cc3624abbbb-1-480x480.jpg 480w, https:\/\/www.wein-deutschmann.at\/shop\/wp-content\/uploads\/2024\/04\/large621f7adbaff796745164e2126ad35a948f2f8510cb93953f4bb7e089585c4452a046977668ebff6a20056cc3624abbbb-1-760x760.jpg 760w, https:\/\/www.wein-deutschmann.at\/shop\/wp-content\/uploads\/2024\/04\/large621f7adbaff796745164e2126ad35a948f2f8510cb93953f4bb7e089585c4452a046977668ebff6a20056cc3624abbbb-1-600x600.jpg 600w, https:\/\/www.wein-deutschmann.at\/shop\/wp-content\/uploads\/2024\/04\/large621f7adbaff796745164e2126ad35a948f2f8510cb93953f4bb7e089585c4452a046977668ebff6a20056cc3624abbbb-1-100x100.jpg 100w, https:\/\/www.wein-deutschmann.at\/shop\/wp-content\/uploads\/2024\/04\/large621f7adbaff796745164e2126ad35a948f2f8510cb93953f4bb7e089585c4452a046977668ebff6a20056cc3624abbbb-1.jpg 800w\" sizes=\"auto, (max-width: 300px) 100vw, 300px\" \/><h2 class=\"woocommerce-loop-product__title\">Morillon Jahrgang 2023<\/h2><\/a>\n\n<div class=\"product-info-container\"><\/div><div class=\"mark-container\"><mark class=\"mark-link\"><a href=\"https:\/\/www.wein-deutschmann.at\/shop\/produkt-kategorie\/weisswein\/\" title=\"Go to Wei\u00dfwein\">Wei\u00dfwein<\/a><\/mark><\/div><a class=\"btn\" tabindex=\"0\" title=\"Add to Wishlist\" data-text-add=\"Add to Wishlist\" data-text-remove=\"Remove\" data-wishlist=\"3483\">Add to Wishlist<\/a>\n\n\n\n\n\n<a href=\"https:\/\/www.wein-deutschmann.at\/shop\/produkt\/morillon-jahrgang-2023\/\" aria-describedby=\"woocommerce_loop_add_to_cart_link_describedby_3483\" data-quantity=\"1\" class=\"button product_type_simple\" data-product_id=\"3483\" data-product_sku=\"\" aria-label=\"Lesen Sie mehr \u00fcber &#8222;Morillon Jahrgang 2023&#8220;\" rel=\"nofollow\" data-success_message=\"\" data-product-name=\"Morillon Jahrgang 2023\" title=\"Lesen Sie mehr \u00fcber &#8222;Morillon Jahrgang 2023&#8220;\">Weiterlesen<\/a>\t<span id=\"woocommerce_loop_add_to_cart_link_describedby_3483\" class=\"screen-reader-text\">\n\t\t\t<\/span>\n<\/li>\n<li class=\"product type-product post-3481 status-publish instock product_cat-weisswein has-post-thumbnail shipping-taxable product-type-simple\">\n\t  <a title=\"Gelber Muskateller Jahrgang 2023 | Markus Deutschmann vlg. Smonde\" href=\"https:\/\/www.wein-deutschmann.at\/shop\/produkt\/gelber-muskateller-jahrgang-2023\/\" class=\"woocommerce-LoopProduct-link woocommerce-loop-product__link\">\n  <img loading=\"lazy\" decoding=\"async\" width=\"300\" height=\"300\" src=\"https:\/\/www.wein-deutschmann.at\/shop\/wp-content\/uploads\/2024\/04\/large621f7adbaff796745164e2126ad35a948f2f8510cb93953f4bb7e089585c4452a046977668ebff6a20056cc3624abbbb-300x300.jpg\" class=\"attachment-woocommerce_thumbnail size-woocommerce_thumbnail\" alt=\"Gelber Muskateller Jahrgang 2023\" srcset=\"https:\/\/www.wein-deutschmann.at\/shop\/wp-content\/uploads\/2024\/04\/large621f7adbaff796745164e2126ad35a948f2f8510cb93953f4bb7e089585c4452a046977668ebff6a20056cc3624abbbb-300x300.jpg 300w, https:\/\/www.wein-deutschmann.at\/shop\/wp-content\/uploads\/2024\/04\/large621f7adbaff796745164e2126ad35a948f2f8510cb93953f4bb7e089585c4452a046977668ebff6a20056cc3624abbbb-150x150.jpg 150w, https:\/\/www.wein-deutschmann.at\/shop\/wp-content\/uploads\/2024\/04\/large621f7adbaff796745164e2126ad35a948f2f8510cb93953f4bb7e089585c4452a046977668ebff6a20056cc3624abbbb-768x768.jpg 768w, https:\/\/www.wein-deutschmann.at\/shop\/wp-content\/uploads\/2024\/04\/large621f7adbaff796745164e2126ad35a948f2f8510cb93953f4bb7e089585c4452a046977668ebff6a20056cc3624abbbb-480x480.jpg 480w, https:\/\/www.wein-deutschmann.at\/shop\/wp-content\/uploads\/2024\/04\/large621f7adbaff796745164e2126ad35a948f2f8510cb93953f4bb7e089585c4452a046977668ebff6a20056cc3624abbbb-760x760.jpg 760w, https:\/\/www.wein-deutschmann.at\/shop\/wp-content\/uploads\/2024\/04\/large621f7adbaff796745164e2126ad35a948f2f8510cb93953f4bb7e089585c4452a046977668ebff6a20056cc3624abbbb-600x600.jpg 600w, https:\/\/www.wein-deutschmann.at\/shop\/wp-content\/uploads\/2024\/04\/large621f7adbaff796745164e2126ad35a948f2f8510cb93953f4bb7e089585c4452a046977668ebff6a20056cc3624abbbb-100x100.jpg 100w, https:\/\/www.wein-deutschmann.at\/shop\/wp-content\/uploads\/2024\/04\/large621f7adbaff796745164e2126ad35a948f2f8510cb93953f4bb7e089585c4452a046977668ebff6a20056cc3624abbbb.jpg 800w\" sizes=\"auto, (max-width: 300px) 100vw, 300px\" \/><h2 class=\"woocommerce-loop-product__title\">Gelber Muskateller Jahrgang 2023<\/h2><\/a>\n\n<div class=\"product-info-container\"><\/div><div class=\"mark-container\"><mark class=\"mark-link\"><a href=\"https:\/\/www.wein-deutschmann.at\/shop\/produkt-kategorie\/weisswein\/\" title=\"Go to Wei\u00dfwein\">Wei\u00dfwein<\/a><\/mark><\/div><a class=\"btn\" tabindex=\"0\" title=\"Add to Wishlist\" data-text-add=\"Add to Wishlist\" data-text-remove=\"Remove\" data-wishlist=\"3481\">Add to Wishlist<\/a>\n\n\n\n\n\n<a href=\"https:\/\/www.wein-deutschmann.at\/shop\/produkt\/gelber-muskateller-jahrgang-2023\/\" aria-describedby=\"woocommerce_loop_add_to_cart_link_describedby_3481\" data-quantity=\"1\" class=\"button product_type_simple\" data-product_id=\"3481\" data-product_sku=\"\" aria-label=\"Lesen Sie mehr \u00fcber &#8222;Gelber Muskateller Jahrgang 2023&#8220;\" rel=\"nofollow\" data-success_message=\"\" data-product-name=\"Gelber Muskateller Jahrgang 2023\" title=\"Lesen Sie mehr \u00fcber &#8222;Gelber Muskateller Jahrgang 2023&#8220;\">Weiterlesen<\/a>\t<span id=\"woocommerce_loop_add_to_cart_link_describedby_3481\" class=\"screen-reader-text\">\n\t\t\t<\/span>\n<\/li>\n<\/ul><button data-loadmore data-typ=\"product\" data-query=\"{'_in':[3475,3481,3483,3478,3477,3480,3519,3485],'_taxs':[]}\" data-per-page=\"4\" data-page=\"2\" class=\"btn btn-line weight-bold icon icon-after-arrow-down margin-bottom\">Load more<\/button>        <\/div>\n      \n    <\/div>\n  <\/div>\n\n\n\n    \n        \n\n    \n    \n    \n    \n        \n    \n   \n    <div class=\" et-content-33-33-33 bg-light space\">\n        <div class=\"row default-stretch \">\n        \n            <h2 class=\"col align-left\">Erfrischende Vielfalt: Unsere Wei\u00dfweine aus dem Herzen der Weinregion!  <span class=\"subline\"><\/span><\/h2>\n                            <div class=\"col large-4\">\n                                            <p>Genie\u00dfen Sie das reiche Erbe und die Frische der \u00f6sterreichischen Weintradition mit unseren erlesenen Wei\u00dfweinen. Markus Deutschmann vlg. Smonde pr\u00e4sentiert eine breite Palette von Wei\u00dfweinen, die die aromatische F\u00fclle der umliegenden Weinberge einfangen.<\/p>\n                                                                                                                        \n                                                            <\/div>\n                                        <div class=\"col large-4\">\n                                            <p>Von spritzigem Welschriesling bis hin zu elegantem Sauvignon Blanc &#8211; unsere Wei\u00dfweine spiegeln die Vielfalt und Qualit\u00e4t der Region wider.<\/p>\n                                                                                                                        \n                                                            <\/div>\n                                        <div class=\"col large-4\">\n                                            <p>Jede Flasche ist ein wahres Meisterwerk, das die Essenz der Weinstra\u00dfe von Leutschach einf\u00e4ngt, und Ihren Gaumen verzaubert.<\/p>\n                                                                                                                        \n                                                            <\/div>\n                    <\/div>\n    <\/div>\n\n\n\n\n    \n\n    <div class=\"et-block-categories-teaser et-category-teaser bg-medium space\">\n        <div class=\"row\">\n\n                        \n            <div class=\"col et-title-container\"><h2>Unsere Produktkategorien  <span class=\"subline\"><\/span><\/h2><a title=\"Markus Deutschmann vlg. Smonde aus Leutschach an der Weinstra\u00dfe | Shop\" class=\"btn weight-bold icon icon-after-arrow-right margin-bottom\" target=\"_self\" href=\"https:\/\/www.wein-deutschmann.at\/shop\/alle-kategorien\/\" >See all Categories<\/a><\/div>\n            \n                            <div class=\"col\">\n                                    <\/div>\n            \n        <\/div>\n    <\/div>\n\n\n\n    \n        \n    \n    \n    \n    <div class=\" et-content-50-50 bg-light space\">\n        <div class=\"row   default-stretch \">\n\n            <h2 class=\"col align-left\">Feiern Sie das Leben mit unserem prickelnden Frizzante!  <span class=\"subline\"><\/span><\/h2>            \n                            <div class=\"col large-6 \">\n                                            <p>Entdecken Sie das spritzige Vergn\u00fcgen mit unserem einzigartigen Frizzante.<\/p>\n<p>Markus Deutschmann vlg. Smonde l\u00e4dt Sie ein, den Moment zu feiern und das Leben mit einem Glas Frizzante zu genie\u00dfen.<\/p>\n<p>Ob als Aperitif oder Begleiter zu festlichen Mahlzeiten &#8211; lassen Sie sich von der Leichtigkeit und dem Charme verf\u00fchren.<\/p>\n                                                                                                                        \n                                                            <\/div>\n                                        <div class=\"col large-6 \">\n                                                                                                                                                                    \n                                                            <\/div>\n                    <\/div>\n    <\/div>\n\n","protected":false},"excerpt":{"rendered":"","protected":false},"author":1,"featured_media":0,"parent":0,"menu_order":0,"comment_status":"closed","ping_status":"closed","template":"","meta":{"footnotes":""},"class_list":["post-864","page","type-page","status-publish","hentry"],"acf":[],"_links":{"self":[{"href":"https:\/\/www.wein-deutschmann.at\/shop\/wp-json\/wp\/v2\/pages\/864","targetHints":{"allow":["GET"]}}],"collection":[{"href":"https:\/\/www.wein-deutschmann.at\/shop\/wp-json\/wp\/v2\/pages"}],"about":[{"href":"https:\/\/www.wein-deutschmann.at\/shop\/wp-json\/wp\/v2\/types\/page"}],"author":[{"embeddable":true,"href":"https:\/\/www.wein-deutschmann.at\/shop\/wp-json\/wp\/v2\/users\/1"}],"replies":[{"embeddable":true,"href":"https:\/\/www.wein-deutschmann.at\/shop\/wp-json\/wp\/v2\/comments?post=864"}],"version-history":[{"count":5,"href":"https:\/\/www.wein-deutschmann.at\/shop\/wp-json\/wp\/v2\/pages\/864\/revisions"}],"predecessor-version":[{"id":3533,"href":"https:\/\/www.wein-deutschmann.at\/shop\/wp-json\/wp\/v2\/pages\/864\/revisions\/3533"}],"wp:attachment":[{"href":"https:\/\/www.wein-deutschmann.at\/shop\/wp-json\/wp\/v2\/media?parent=864"}],"curies":[{"name":"wp","href":"https:\/\/api.w.org\/{rel}","templated":true}]}}